{"id":1507,"date":"2024-12-09T09:58:15","date_gmt":"2024-12-09T09:58:15","guid":{"rendered":"https:\/\/zaszto.hu\/?page_id=1507"},"modified":"2026-03-27T07:46:26","modified_gmt":"2026-03-27T07:46:26","slug":"raketa-fejek","status":"publish","type":"page","link":"https:\/\/zaszto.hu\/english\/raketa-fejek\/","title":{"rendered":"Rocket heads"},"content":{"rendered":"\t\t<div data-elementor-type=\"wp-page\" data-elementor-id=\"1507\" class=\"elementor elementor-1507\" data-elementor-post-type=\"page\">\n\t\t\t\t\t\t<section class=\"elementor-section elementor-top-section elementor-element elementor-element-2d2cd38 elementor-section-height-min-height elementor-section-boxed elementor-section-height-default elementor-section-items-middle\" data-id=\"2d2cd38\" data-element_type=\"section\" data-e-type=\"section\" data-settings=\"{&quot;background_background&quot;:&quot;slideshow&quot;,&quot;background_slideshow_gallery&quot;:[{&quot;id&quot;:4218,&quot;url&quot;:&quot;https:\\\/\\\/zaszto.hu\\\/wp-content\\\/uploads\\\/2025\\\/08\\\/150esfej.webp&quot;},{&quot;id&quot;:4217,&quot;url&quot;:&quot;https:\\\/\\\/zaszto.hu\\\/wp-content\\\/uploads\\\/2025\\\/08\\\/100askobinaltfej.webp&quot;},{&quot;id&quot;:4216,&quot;url&quot;:&quot;https:\\\/\\\/zaszto.hu\\\/wp-content\\\/uploads\\\/2025\\\/08\\\/100asfej.webp&quot;},{&quot;id&quot;:4215,&quot;url&quot;:&quot;https:\\\/\\\/zaszto.hu\\\/wp-content\\\/uploads\\\/2025\\\/08\\\/80asfej.webp&quot;},{&quot;id&quot;:4214,&quot;url&quot;:&quot;https:\\\/\\\/zaszto.hu\\\/wp-content\\\/uploads\\\/2025\\\/08\\\/60askombinaltfej.webp&quot;},{&quot;id&quot;:4213,&quot;url&quot;:&quot;https:\\\/\\\/zaszto.hu\\\/wp-content\\\/uploads\\\/2025\\\/08\\\/60asfej.webp&quot;}],&quot;background_slideshow_slide_transition&quot;:&quot;slide_right&quot;,&quot;background_slideshow_transition_duration&quot;:2550,&quot;background_slideshow_loop&quot;:&quot;yes&quot;,&quot;background_slideshow_slide_duration&quot;:5000}\">\n\t\t\t\t\t\t\t<div class=\"elementor-background-overlay\"><\/div>\n\t\t\t\t\t\t\t<div class=\"elementor-container elementor-column-gap-no\">\n\t\t\t\t\t<div class=\"elementor-column elementor-col-100 elementor-top-column elementor-element elementor-element-a48b6bb\" data-id=\"a48b6bb\" data-element_type=\"column\" data-e-type=\"column\">\n\t\t\t<div class=\"elementor-widget-wrap elementor-element-populated\">\n\t\t\t\t\t\t<section class=\"elementor-section elementor-inner-section elementor-element elementor-element-c6c4ac9 elementor-section-content-middle elementor-reverse-mobile elementor-section-boxed elementor-section-height-default elementor-section-height-default\" data-id=\"c6c4ac9\" data-element_type=\"section\" data-e-type=\"section\">\n\t\t\t\t\t\t<div class=\"elementor-container elementor-column-gap-default\">\n\t\t\t\t\t<div class=\"elementor-column elementor-col-100 elementor-inner-column elementor-element elementor-element-117656e\" data-id=\"117656e\" data-element_type=\"column\" data-e-type=\"column\">\n\t\t\t<div class=\"elementor-widget-wrap elementor-element-populated\">\n\t\t\t\t\t\t<div class=\"elementor-element elementor-element-9829029 elementor-invisible elementor-widget elementor-widget-heading\" data-id=\"9829029\" data-element_type=\"widget\" data-e-type=\"widget\" data-settings=\"{&quot;_animation&quot;:&quot;fadeInUp&quot;}\" data-widget_type=\"heading.default\">\n\t\t\t\t<div class=\"elementor-widget-container\">\n\t\t\t\t\t<h1 class=\"elementor-heading-title elementor-size-default\">Rak\u00e9ta fejek<\/h1>\t\t\t\t<\/div>\n\t\t\t\t<\/div>\n\t\t\t\t\t<\/div>\n\t\t<\/div>\n\t\t\t\t\t<\/div>\n\t\t<\/section>\n\t\t\t\t\t<\/div>\n\t\t<\/div>\n\t\t\t\t\t<\/div>\n\t\t<\/section>\n\t\t\t\t<section class=\"elementor-section elementor-top-section elementor-element elementor-element-af8bb4e elementor-section-boxed elementor-section-height-default elementor-section-height-default\" data-id=\"af8bb4e\" data-element_type=\"section\" data-e-type=\"section\" data-settings=\"{&quot;background_background&quot;:&quot;classic&quot;}\">\n\t\t\t\t\t\t<div class=\"elementor-container elementor-column-gap-no\">\n\t\t\t\t\t<div class=\"elementor-column elementor-col-100 elementor-top-column elementor-element elementor-element-ee9a28c\" data-id=\"ee9a28c\" data-element_type=\"column\" data-e-type=\"column\">\n\t\t\t<div class=\"elementor-widget-wrap elementor-element-populated\">\n\t\t\t\t\t\t<div class=\"elementor-element elementor-element-e7f3c3d elementor-invisible elementor-widget elementor-widget-heading\" data-id=\"e7f3c3d\" data-element_type=\"widget\" data-e-type=\"widget\" data-settings=\"{&quot;_animation&quot;:&quot;fadeInUp&quot;}\" data-widget_type=\"heading.default\">\n\t\t\t\t<div class=\"elementor-widget-container\">\n\t\t\t\t\t<h2 class=\"elementor-heading-title elementor-size-default\">Rak\u00e9ta fejek:<\/h2>\t\t\t\t<\/div>\n\t\t\t\t<\/div>\n\t\t\t\t<div class=\"elementor-element elementor-element-8f8202f elementor-widget elementor-widget-text-editor\" data-id=\"8f8202f\" data-element_type=\"widget\" data-e-type=\"widget\" data-widget_type=\"text-editor.default\">\n\t\t\t\t<div class=\"elementor-widget-container\">\n\t\t\t\t\t\t\t\t\t<ul><li>Edzett ac\u00e9l \u00e9s k\u00f6nny\u00edtett m\u0171anyag kivitel. Extr\u00e9m nagy von\u00f3er\u0151, nagy v\u00e1kuumhat\u00e1s, kisz\u00edvja a tiszt\u00edtand\u00f3 csatornaszakaszb\u00f3l a vizet. Kamer\u00e1s vizsg\u00e1latra.<\/li><li>A tiszt\u00edtott szakaszon az aknafedlapokat nyitva tartani, az e\u0151teljes nyom\u00e1sk\u00fcl\u00f6nbs\u00e9g miatt.<\/li><li>R\u00f6vid id\u0151 alatt nagy t\u00e1vols\u00e1gokra k\u00e9pes eljuttatni a mos\u00f3t\u00f6ml\u0151t. Cser\u00e9lhet\u0151, s\u00fcllyesztet z\u00e1rhat\u00f3 orrf\u00fav\u00f3k\u00e1val. Aj\u00e1nlott \u00fczemi nyom\u00e1s: 80-250bar.<\/li><\/ul>\t\t\t\t\t\t\t\t<\/div>\n\t\t\t\t<\/div>\n\t\t\t\t\t<\/div>\n\t\t<\/div>\n\t\t\t\t\t<\/div>\n\t\t<\/section>\n\t\t<div class=\"elementor-element elementor-element-b35de34 e-flex e-con-boxed e-con e-parent\" data-id=\"b35de34\" data-element_type=\"container\" data-e-type=\"container\">\n\t\t\t\t\t<div class=\"e-con-inner\">\n\t\t\t\t<div class=\"elementor-element elementor-element-9130a07 elementor-widget elementor-widget-html\" data-id=\"9130a07\" data-element_type=\"widget\" data-e-type=\"widget\" data-widget_type=\"html.default\">\n\t\t\t\t<div class=\"elementor-widget-container\">\n\t\t\t\t\t<style>\n\/* Google Font import *\/\n@import url('https:\/\/fonts.googleapis.com\/css2?family=Inter:wght@400;500;600;700&display=swap');\n\n\/* F\u0151 kont\u00e9ner *\/\n.product-showcase {\n  font-family: 'Inter', sans-serif;\n  background-color: #ffffff;\n  border-radius: 24px;\n  padding: 32px;\n  box-shadow: 0 10px 40px -10px rgba(0, 0, 0, 0.08);\n  border: 1px solid #f0f0f0;\n  max-width: 1140px;\n  margin: 0 auto 40px auto;\n}\n\n\/* C\u00edmsor *\/\n.product-showcase-header .title { font-size: 28px; font-weight: 700; margin-bottom: 8px; color: #111827; }\n.product-showcase-header .description { font-size: 16px; color: #6b7280; margin-bottom: 32px; max-width: 90%; }\n.product-showcase-header .description ul { list-style-type: '\u2022'; padding-left: 20px; margin: 0; }\n.product-showcase-header .description li { margin-bottom: 8px; padding-left: 10px; line-height: 1.6; }\n\n\/* F\u0151 elrendez\u00e9s *\/\n.product-showcase-main {\n  display: flex;\n  align-items: stretch;\n  gap: 40px;\n}\n\n\/* K\u00e9p kont\u00e9ner (bal oszlop) *\/\n.product-showcase-image-wrapper {\n  flex: 1 1 40%;\n  position: relative;\n  border-radius: 16px;\n  background-color: #f9fafb;\n  border: 1px solid #e5e7eb;\n  padding: 16px;\n  display: flex;\n  align-items: center;\n  justify-content: center;\n}\n.product-showcase-image-wrapper img {\n    width: 100%;\n    height: 100%;\n    object-fit: contain;\n    border-radius: 8px;\n    transition: opacity 0.3s ease;\n}\n\n\/* Interakt\u00edv panel (jobb oszlop) *\/\n.product-showcase-interactive {\n  flex: 1 1 60%;\n  display: flex;\n}\n.product-details-display {\n  background-color: #f9fafb; \n  border-radius: 16px; \n  padding: 24px; \n  border: 1px solid #e5e7eb;\n  width: 100%;\n  display: flex;\n  flex-direction: column;\n}\n.product-showcase-interactive h3 {\n  font-size: 18px; font-weight: 600; color: #374151;\n  margin-top: 0; margin-bottom: 12px;\n}\n.product-select {\n  width: 100%; padding: 16px; font-size: 16px; border-radius: 12px; border: 1px solid #e5e7eb;\n  background-color: #ffffff; margin-bottom: 24px; font-weight: 500; -webkit-appearance: none;\n  appearance: none; background-image: url('data:image\/svg+xml;charset=UTF-8,<svg xmlns=\"http:\/\/www.w3.org\/2000\/svg\" viewBox=\"0 0 24 24\" fill=\"none\" stroke=\"%23374151\" stroke-width=\"2\" stroke-linecap=\"round\" stroke-linejoin=\"round\"><polyline points=\"6 9 12 15 18 9\"><\/polyline><\/svg>');\n  background-repeat: no-repeat; background-position: right 16px center; background-size: 20px;\n}\n.details-table-wrapper { flex-grow: 1; }\n.details-table-wrapper table {\n  width: 100%;\n  border-collapse: collapse;\n  font-size: 14px;\n}\n.details-table-wrapper th, .details-table-wrapper td {\n  padding: 12px 10px;\n  border-bottom: 1px solid #e5e7eb;\n  text-align: left;\n  white-space: nowrap;\n}\n.details-table-wrapper th {\n  background-color: #f3f4f6;\n  font-weight: 600;\n  color: #374151;\n  font-size: 12px;\n}\n.details-table-wrapper td { color: #6b7280; font-weight: 500; }\n.details-table-wrapper tr:last-child td { border-bottom: none; }\n\n\n.quote-button {\n  background: #0d6efd; color: white; border: none; border-radius: 8px; padding: 12px 24px;\n  font-size: 15px; font-weight: 600; cursor: pointer; transition: all 0.2s ease; margin-top: 24px; width: 100%;\n  display: block;\n  text-align: center;\n  text-decoration: none;\n  box-sizing: border-box;\n}\n.quote-button:hover {\n  background: #0052cc;\n  transform: translateY(-2px);\n  color: white;\n}\n\n\/* MOBIL N\u00c9ZET (< 768px) *\/\n@media (max-width: 768px) {\n  .product-showcase-main { flex-direction: column; }\n  .product-showcase-image-wrapper { width: 100%; min-height: 300px; }\n  .product-showcase-interactive { width: 100%; }\n  .product-showcase-header .title { font-size: 24px; }\n  .product-showcase { padding: 20px; }\n  \n  \/* JAV\u00cdT\u00c1S: RESZPONZ\u00cdV T\u00c1BL\u00c1ZAT (ADATK\u00c1RTYA N\u00c9ZET) *\/\n  .details-table-wrapper { overflow-x: visible; }\n  .details-table-wrapper table, \n  .details-table-wrapper thead, \n  .details-table-wrapper tbody, \n  .details-table-wrapper th, \n  .details-table-wrapper td, \n  .details-table-wrapper tr {\n    display: block;\n  }\n  .details-table-wrapper thead tr {\n    position: absolute;\n    top: -9999px;\n    left: -9999px;\n  }\n  .details-table-wrapper tr {\n    border: 1px solid #e5e7eb;\n    margin-bottom: 1em;\n    border-radius: 12px;\n  }\n  .details-table-wrapper td {\n    border: none;\n    border-bottom: 1px dotted #e0e0e0;\n    position: relative;\n    padding: 8px 8px 8px 50%;\n    white-space: normal;\n    text-align: right;\n    display: flex;\n    align-items: center;\n    justify-content: flex-end;\n    min-height: 24px;\n  }\n  .details-table-wrapper td:last-child { border-bottom: 0; }\n  .details-table-wrapper td:before {\n    content: attr(data-label);\n    position: absolute;\n    left: 8px;\n    width: 45%;\n    padding-right: 10px;\n    white-space: nowrap;\n    font-weight: 600;\n    color: #374151;\n    text-align: left;\n  }\n}\n<\/style>\n\n<div id=\"product-showcase-raketa\" class=\"product-showcase\">\n  <div class=\"product-showcase-header\">\n    <h2 class=\"title\"><\/h2>\n    <div class=\"description\">\n      \n    <\/div>\n  <\/div>\n  \n  <div class=\"product-showcase-main\">\n    <div class=\"product-showcase-image-wrapper\">\n      <img decoding=\"async\" src=\"\" alt=\"Rak\u00e9ta fej\">\n    <\/div>\n\n    <div class=\"product-showcase-interactive\">\n      <div class=\"product-details-display\">\n        <h3>V\u00e1lasszon t\u00edpust:<\/h3>\n        <select class=\"product-select\"><\/select>\n        <div class=\"details-table-wrapper\">\n        <\/div>\n        <a href=\"https:\/\/zaszto.hu\/#kapcsolatfelvetel\" class=\"quote-button\">Aj\u00e1nlatk\u00e9r\u00e9s a kiv\u00e1lasztott t\u00edpusra<\/a>\n      <\/div>\n    <\/div>\n  <\/div>\n<\/div>\n\n<script>\n(function() {\n    const showcaseContainer = document.querySelector('#product-showcase-raketa');\n    if (!showcaseContainer) { return; }\n\n    const productTypes = [\n        \n        { typeId: '80as', name: '80-as rak\u00e9ta fej', image: 'https:\/\/zaszto.hu\/wp-content\/uploads\/2025\/08\/100asfej.webp', variants: [{ id: '10.142', connection: 'B 1\"', nozzles: '1+6', angle: '20', size: '80 x 310', weight: '3,8', channel_dia: '250 - 500', flow: '100 - 680' }] },\n        { typeId: '80as-kombinalt', name: '80-as kombin\u00e1lt rak\u00e9ta fej', image: 'https:\/\/zaszto.hu\/wp-content\/uploads\/2025\/08\/100askobinaltfej.webp', variants: [{ id: '10.142', connection: 'B 1\"', nozzles: '5+6', angle: '20', size: '80 x 310', weight: '3,8', channel_dia: '250 - 500', flow: '100 - 680' }] },\n        \n    ];\n    \n    const dropdown = showcaseContainer.querySelector('.product-select');\n    const imageElement = showcaseContainer.querySelector('.product-showcase-image-wrapper img');\n    const tableWrapper = showcaseContainer.querySelector('.details-table-wrapper');\n    const quoteButton = showcaseContainer.querySelector('.quote-button'); \/\/ \u00daj sor: megfogjuk a gombot\n\n    function updateDisplay(product) {\n        if (!product) {\n            imageElement.src = '';\n            tableWrapper.innerHTML = '<p class=\"placeholder-text\">V\u00e1lasszon a list\u00e1b\u00f3l a r\u00e9szletek\u00e9rt.<\/p>';\n            return;\n        }\n\n        imageElement.style.opacity = 0;\n        setTimeout(() => {\n            imageElement.src = product.image;\n            imageElement.alt = product.name;\n            imageElement.style.opacity = 1;\n        }, 300);\n\n        \/\/ JAV\u00cdT\u00c1S: data-label attrib\u00fatumok hozz\u00e1adva a mobil n\u00e9zethez\n        let tableHTML = '<table><thead><tr><th>Cikksz\u00e1m<\/th><th>Csatlakoz\u00e1s<\/th><th>F\u00fav\u00f3k\u00e1k<\/th><th>Sz\u00f6g (\u00b0)<\/th><th>M\u00e9ret (mm)<\/th><th>S\u00faly (kg)<\/th><th>Csatorna \u00d8<\/th><th>V\u00edz\u00e1tfoly\u00e1s<\/th><\/tr><\/thead><tbody>';\n        product.variants.forEach(variant => {\n            tableHTML += `\n                <tr>\n                    <td data-label=\"Cikksz\u00e1m\">${variant.id}<\/td>\n                    <td data-label=\"Csatlakoz\u00e1s\">${variant.connection}<\/td>\n                    <td data-label=\"F\u00fav\u00f3k\u00e1k\">${variant.nozzles}<\/td>\n                    <td data-label=\"Sz\u00f6g (\u00b0)\">${variant.angle}<\/td>\n                    <td data-label=\"M\u00e9ret (mm)\">${variant.size}<\/td>\n                    <td data-label=\"S\u00faly (kg)\">${variant.weight}<\/td>\n                    <td data-label=\"Csatorna \u00d8\">${variant.channel_dia}<\/td>\n                    <td data-label=\"V\u00edz\u00e1tfoly\u00e1s\">${variant.flow}<\/td>\n                <\/tr>\n            `;\n        });\n        tableHTML += '<\/tbody><\/table>';\n        tableWrapper.innerHTML = tableHTML;\n\n        \/\/ \u00daJ R\u00c9SZ: Friss\u00edtj\u00fck a gomb linkj\u00e9t\n        if (product.variants.length > 0) {\n            const variant = product.variants[0]; \n            const encodedSubject = encodeURIComponent(\"Aj\u00e1nlatk\u00e9r\u00e9s: \" + product.name + \" (\" + variant.id + \")\");\n            quoteButton.href = `https:\/\/zaszto.hu\/?targy=${encodedSubject}#kapcsolatfelvetel`;\n        }\n    }\n\n    let dropdownHTML = '';\n    productTypes.forEach(p => {\n        dropdownHTML += `<option value=\"${p.typeId}\">${p.name}<\/option>`;\n    });\n    dropdown.innerHTML = dropdownHTML;\n\n    dropdown.addEventListener('change', function() {\n        const selectedTypeId = this.value;\n        const selectedType = productTypes.find(p => p.typeId === selectedTypeId);\n        updateDisplay(selectedType);\n    });\n\n    function initialize() {\n        if (productTypes.length > 0) {\n            dropdown.value = productTypes[0].typeId;\n            updateDisplay(productTypes[0]);\n        }\n    }\n\n    initialize();\n\n})();\n<\/script>\t\t\t\t<\/div>\n\t\t\t\t<\/div>\n\t\t\t\t\t<\/div>\n\t\t\t\t<\/div>\n\t\t\t\t<\/div>\n\t\t","protected":false},"excerpt":{"rendered":"<p>Rak\u00e9ta fejek Rak\u00e9ta fejek: Edzett ac\u00e9l \u00e9s k\u00f6nny\u00edtett m\u0171anyag kivitel. Extr\u00e9m nagy von\u00f3er\u0151, nagy v\u00e1kuumhat\u00e1s, kisz\u00edvja a tiszt\u00edtand\u00f3 csatornaszakaszb\u00f3l a vizet. Kamer\u00e1s vizsg\u00e1latra. A tiszt\u00edtott szakaszon az aknafedlapokat nyitva tartani, az e\u0151teljes nyom\u00e1sk\u00fcl\u00f6nbs\u00e9g miatt. R\u00f6vid id\u0151 alatt nagy t\u00e1vols\u00e1gokra k\u00e9pes eljuttatni a mos\u00f3t\u00f6ml\u0151t. Cser\u00e9lhet\u0151, s\u00fcllyesztet z\u00e1rhat\u00f3 orrf\u00fav\u00f3k\u00e1val. Aj\u00e1nlott \u00fczemi nyom\u00e1s: 80-250bar. V\u00e1lasszon t\u00edpust: Aj\u00e1nlatk\u00e9r\u00e9s a&#8230;<\/p>","protected":false},"author":1,"featured_media":0,"parent":0,"menu_order":0,"comment_status":"closed","ping_status":"closed","template":"elementor_header_footer","meta":{"_seopress_robots_primary_cat":"","_seopress_titles_title":"Rak\u00e9ta fejek - Zaszt\u00f3 KFT","_seopress_titles_desc":"Rak\u00e9ta fejek: Edzett ac\u00e9l \u00e9s k\u00f6nny\u00edtett m\u0171anyag kivitel. Extr\u00e9m nagy von\u00f3er\u0151, nagy v\u00e1kuumhat\u00e1s, kisz\u00edvja a tiszt\u00edtand\u00f3 csatornaszakaszb\u00f3l a vizet.","_seopress_robots_index":"","_kad_post_transparent":"","_kad_post_title":"","_kad_post_layout":"","_kad_post_sidebar_id":"","_kad_post_content_style":"","_kad_post_vertical_padding":"","_kad_post_feature":"","_kad_post_feature_position":"","_kad_post_header":false,"_kad_post_footer":false,"_kad_post_classname":"","footnotes":""},"class_list":["post-1507","page","type-page","status-publish","hentry"],"_links":{"self":[{"href":"https:\/\/zaszto.hu\/english\/wp-json\/wp\/v2\/pages\/1507","targetHints":{"allow":["GET"]}}],"collection":[{"href":"https:\/\/zaszto.hu\/english\/wp-json\/wp\/v2\/pages"}],"about":[{"href":"https:\/\/zaszto.hu\/english\/wp-json\/wp\/v2\/types\/page"}],"author":[{"embeddable":true,"href":"https:\/\/zaszto.hu\/english\/wp-json\/wp\/v2\/users\/1"}],"replies":[{"embeddable":true,"href":"https:\/\/zaszto.hu\/english\/wp-json\/wp\/v2\/comments?post=1507"}],"version-history":[{"count":6,"href":"https:\/\/zaszto.hu\/english\/wp-json\/wp\/v2\/pages\/1507\/revisions"}],"predecessor-version":[{"id":5909,"href":"https:\/\/zaszto.hu\/english\/wp-json\/wp\/v2\/pages\/1507\/revisions\/5909"}],"wp:attachment":[{"href":"https:\/\/zaszto.hu\/english\/wp-json\/wp\/v2\/media?parent=1507"}],"curies":[{"name":"wp","href":"https:\/\/api.w.org\/{rel}","templated":true}]}}