{"id":1502,"date":"2024-12-09T09:56:57","date_gmt":"2024-12-09T09:56:57","guid":{"rendered":"https:\/\/zaszto.hu\/?page_id=1502"},"modified":"2026-02-26T19:55:46","modified_gmt":"2026-02-26T19:55:46","slug":"lancos-gyokervago-fejek","status":"publish","type":"page","link":"https:\/\/zaszto.hu\/english\/lancos-gyokervago-fejek\/","title":{"rendered":"Chain root cutter heads"},"content":{"rendered":"\t\t<div data-elementor-type=\"wp-page\" data-elementor-id=\"1502\" class=\"elementor elementor-1502\" data-elementor-post-type=\"page\">\n\t\t\t\t\t\t<section class=\"elementor-section elementor-top-section elementor-element elementor-element-4a1d8a3 elementor-section-height-min-height elementor-section-boxed elementor-section-height-default elementor-section-items-middle\" data-id=\"4a1d8a3\" data-element_type=\"section\" data-e-type=\"section\" data-settings=\"{&quot;background_background&quot;:&quot;classic&quot;}\">\n\t\t\t\t\t\t\t<div class=\"elementor-background-overlay\"><\/div>\n\t\t\t\t\t\t\t<div class=\"elementor-container elementor-column-gap-no\">\n\t\t\t\t\t<div class=\"elementor-column elementor-col-100 elementor-top-column elementor-element elementor-element-30a9570\" data-id=\"30a9570\" data-element_type=\"column\" data-e-type=\"column\">\n\t\t\t<div class=\"elementor-widget-wrap elementor-element-populated\">\n\t\t\t\t\t\t<section class=\"elementor-section elementor-inner-section elementor-element elementor-element-c7538f7 elementor-section-content-middle elementor-reverse-mobile elementor-section-boxed elementor-section-height-default elementor-section-height-default\" data-id=\"c7538f7\" data-element_type=\"section\" data-e-type=\"section\">\n\t\t\t\t\t\t<div class=\"elementor-container elementor-column-gap-default\">\n\t\t\t\t\t<div class=\"elementor-column elementor-col-100 elementor-inner-column elementor-element elementor-element-c4224e6\" data-id=\"c4224e6\" data-element_type=\"column\" data-e-type=\"column\">\n\t\t\t<div class=\"elementor-widget-wrap elementor-element-populated\">\n\t\t\t\t\t\t<div class=\"elementor-element elementor-element-79ceaef elementor-invisible elementor-widget elementor-widget-heading\" data-id=\"79ceaef\" data-element_type=\"widget\" data-e-type=\"widget\" data-settings=\"{&quot;_animation&quot;:&quot;fadeInUp&quot;}\" data-widget_type=\"heading.default\">\n\t\t\t\t<div class=\"elementor-widget-container\">\n\t\t\t\t\t<h1 class=\"elementor-heading-title elementor-size-default\">L\u00e1ncos Gy\u00f6k\u00e9rv\u00e1g\u00f3 fejek<\/h1>\t\t\t\t<\/div>\n\t\t\t\t<\/div>\n\t\t\t\t\t<\/div>\n\t\t<\/div>\n\t\t\t\t\t<\/div>\n\t\t<\/section>\n\t\t\t\t\t<\/div>\n\t\t<\/div>\n\t\t\t\t\t<\/div>\n\t\t<\/section>\n\t\t\t\t<section class=\"elementor-section elementor-top-section elementor-element elementor-element-af8bb4e elementor-section-boxed elementor-section-height-default elementor-section-height-default\" data-id=\"af8bb4e\" data-element_type=\"section\" data-e-type=\"section\" data-settings=\"{&quot;background_background&quot;:&quot;classic&quot;}\">\n\t\t\t\t\t\t<div class=\"elementor-container elementor-column-gap-no\">\n\t\t\t\t\t<div class=\"elementor-column elementor-col-100 elementor-top-column elementor-element elementor-element-ee9a28c\" data-id=\"ee9a28c\" data-element_type=\"column\" data-e-type=\"column\">\n\t\t\t<div class=\"elementor-widget-wrap elementor-element-populated\">\n\t\t\t\t\t\t<div class=\"elementor-element elementor-element-e7f3c3d elementor-invisible elementor-widget elementor-widget-heading\" data-id=\"e7f3c3d\" data-element_type=\"widget\" data-e-type=\"widget\" data-settings=\"{&quot;_animation&quot;:&quot;fadeInUp&quot;}\" data-widget_type=\"heading.default\">\n\t\t\t\t<div class=\"elementor-widget-container\">\n\t\t\t\t\t<h2 class=\"elementor-heading-title elementor-size-default\">L\u00e1ncos gy\u00f6k\u00e9rv\u00e1g\u00f3 fejek:<\/h2>\t\t\t\t<\/div>\n\t\t\t\t<\/div>\n\t\t\t\t<div class=\"elementor-element elementor-element-8f8202f elementor-widget elementor-widget-text-editor\" data-id=\"8f8202f\" data-element_type=\"widget\" data-e-type=\"widget\" data-widget_type=\"text-editor.default\">\n\t\t\t\t<div class=\"elementor-widget-container\">\n\t\t\t\t\t\t\t\t\t<ul><li>Csatorn\u00e1ba gy\u00f6k\u00e9r ben\u00f6v\u00e9sek, illetve massz\u00edv, betonszer\u0171 lerak\u00f3d\u00e1sok elt\u00e1vol\u00edt\u00e1s\u00e1ra.<\/li><li>Egyenes forg\u00f3 csatlakoz\u00f3 haszn\u00e1lata sz\u00fcks\u00e9ges.\u00a0<\/li><\/ul>\t\t\t\t\t\t\t\t<\/div>\n\t\t\t\t<\/div>\n\t\t\t\t\t<\/div>\n\t\t<\/div>\n\t\t\t\t\t<\/div>\n\t\t<\/section>\n\t\t<div class=\"elementor-element elementor-element-1832e11 e-flex e-con-boxed e-con e-parent\" data-id=\"1832e11\" data-element_type=\"container\" data-e-type=\"container\">\n\t\t\t\t\t<div class=\"e-con-inner\">\n\t\t\t\t<div class=\"elementor-element elementor-element-67e5c4a elementor-widget elementor-widget-html\" data-id=\"67e5c4a\" data-element_type=\"widget\" data-e-type=\"widget\" data-widget_type=\"html.default\">\n\t\t\t\t<div class=\"elementor-widget-container\">\n\t\t\t\t\t<style>\n\/* Google Font import *\/\n@import url('https:\/\/fonts.googleapis.com\/css2?family=Inter:wght@400;500;600;700&display=swap');\n\n\/* --- ALAP ST\u00cdLUSOK --- *\/\n.product-showcase {\n  font-family: 'Inter', sans-serif;\n  background-color: #ffffff;\n  border-radius: 24px;\n  padding: 32px;\n  box-shadow: 0 10px 40px -10px rgba(0, 0, 0, 0.08);\n  border: 1px solid #f0f0f0;\n  max-width: 1140px;\n  margin: 0 auto 40px auto;\n}\n\n.product-showcase-header .title { font-size: 28px; font-weight: 700; margin-bottom: 8px; color: #111827; }\n.product-showcase-header .description { font-size: 16px; color: #6b7280; margin-bottom: 32px; max-width: 90%; }\n.product-showcase-header .description ul { list-style-type: '\u2713  '; padding-left: 20px; margin: 0; }\n.product-showcase-header .description li { margin-bottom: 8px; padding-left: 10px; }\n\n\/* --- ASZTALI ELRENDEZ\u00c9S --- *\/\n.product-showcase-main {\n  display: flex;\n  align-items: flex-start;\n  gap: 32px;\n  border-top: 1px solid #e5e7eb;\n  padding-top: 32px;\n}\n\n.product-nav {\n  flex: 0 0 30%;\n  background-color: #f9fafb;\n  border-radius: 16px;\n  padding: 8px;\n  border: 1px solid #e5e7eb;\n}\n.nav-item { padding: 16px; border-radius: 12px; cursor: pointer; transition: background-color 0.3s ease; border: 2px solid transparent; }\n.nav-item:hover { background-color: #f0f2f5; }\n.nav-item.active { background-color: #ffffff; border-color: #e0e0e0; box-shadow: 0 2px 8px -2px rgba(0,0,0,0.07); }\n.nav-item h4 { margin: 0 0 4px 0; font-size: 16px; font-weight: 600; color: #111827; }\n.nav-item p { margin: 0; font-size: 14px; color: #6b7280; }\n\n.product-nav-mobile { display: none; }\n\n.product-content-area { flex: 1 1 70%; }\n.content-panel { display: none; flex-direction: column; gap: 24px; animation: fadeIn 0.5s ease; }\n.content-panel.active { display: flex; }\n@keyframes fadeIn { from { opacity: 0; transform: translateY(10px); } to { opacity: 1; transform: translateY(0); } }\n\n.content-image-wrapper { width: 100%; border-radius: 16px; overflow: hidden; background-color: #f9fafb; }\n.content-image-wrapper img { width: 100%; height: auto; display: block; }\n.content-description ul { list-style-type: '\u2713  '; padding-left: 20px; margin: 0; font-size: 15px; color: #4b5563; }\n.content-description li { margin-bottom: 10px; padding-left: 10px; }\n.content-details table { width: 100%; border-collapse: collapse; font-size: 14px; }\n.content-details th, .content-details td { padding: 12px 10px; border-bottom: 1px solid #e5e7eb; text-align: left; }\n.content-details th { background-color: #f3f4f6; font-weight: 600; color: #374151; }\n.content-details td { color: #6b7280; }\n.content-details tr:last-child td { border-bottom: none; }\n.content-details .detail-value-bold { font-weight: 600; color: #374151; }\n\n.quote-button {\n  background: #0d6efd; color: white; border: none; border-radius: 8px; padding: 12px 24px;\n  font-size: 15px; font-weight: 600; cursor: pointer; transition: all 0.2s ease; margin-top: 16px; width: 100%;\n  display: block; text-decoration: none; text-align: center; box-sizing: border-box;\n}\n.quote-button:hover { background: #0052cc; transform: translateY(-2px); color: white; }\n\n\/* --- MOBIL N\u00c9ZET (< 768px) --- *\/\n@media (max-width: 768px) {\n  .product-showcase { padding: 20px; }\n  .product-showcase-header .title { font-size: 24px; }\n  .product-showcase-main { flex-direction: column; }\n  \n  \/* ASZTALI NAV ELREJT\u00c9SE, MOBIL MEGJELEN\u00cdT\u00c9SE *\/\n  .product-nav { display: none; }\n  .product-nav-mobile { display: block; width: 100%; margin-bottom: 24px; }\n  .mobile-nav-select {\n    width: 100%; padding: 16px; font-size: 16px; border-radius: 12px; border: 1px solid #e5e7eb;\n    background-color: #f9fafb; font-weight: 600; color: #111827; -webkit-appearance: none;\n    appearance: none; background-image: url('data:image\/svg+xml;charset=UTF-8,<svg xmlns=\"http:\/\/www.w3.org\/2000\/svg\" viewBox=\"0 0 24 24\" fill=\"none\" stroke=\"%23374151\" stroke-width=\"2\" stroke-linecap=\"round\" stroke-linejoin=\"round\"><polyline points=\"6 9 12 15 18 9\"><\/polyline><\/svg>');\n    background-repeat: no-repeat; background-position: right 16px center; background-size: 20px;\n  }\n\n  \/* JAV\u00cdT\u00c1S: T\u00c1BL\u00c1ZAT \u00c1TALAK\u00cdT\u00c1SA ADATK\u00c1RTY\u00c1KK\u00c1 *\/\n  .content-details table, .content-details thead, .content-details tbody, .content-details th, .content-details td, .content-details tr {\n    display: block;\n  }\n  .content-details thead tr {\n    position: absolute;\n    top: -9999px;\n    left: -9999px;\n  }\n  .content-details tr {\n    border: 1px solid #e5e7eb;\n    margin-bottom: 1em;\n    border-radius: 12px;\n    padding: 0.5em;\n  }\n  .content-details td {\n    border: none;\n    border-bottom: 1px dotted #e0e0e0;\n    position: relative;\n    padding: 8px 0 8px 45%;\n    display: flex;\n    align-items: center;\n    min-height: 24px;\n    text-align: right;\n  }\n  .content-details td:last-child {\n    border-bottom: 0;\n  }\n  .content-details td:before {\n    content: attr(data-label);\n    position: absolute;\n    left: 8px;\n    width: 40%;\n    padding-right: 10px;\n    white-space: nowrap;\n    font-weight: 600;\n    color: #374151;\n    text-align: left;\n  }\n}\n<\/style>\n\n<div id=\"product-showcase-gyokervago\" class=\"product-showcase\">\n  <div class=\"product-showcase-header\">\n    <h2 class=\"title\"><\/h2>\n    <div class=\"description\">\n      \n    <\/div>\n  <\/div>\n  \n  <div class=\"product-showcase-main\">\n    <div class=\"product-nav-mobile\"><\/div>\n    <nav class=\"product-nav\"><\/nav>\n    <div class=\"product-content-area\"><\/div>\n  <\/div>\n<\/div>\n\n<script>\n(function() {\n    const showcaseContainer = document.querySelector('#product-showcase-gyokervago');\n    if (!showcaseContainer) { return; }\n\n    const products = [\n        { id: 'kolibri', name: 'Kolibri', subtitle: 'Kompakt \u00e9s sokoldal\u00fa', image: 'https:\/\/zaszto.hu\/wp-content\/uploads\/2025\/08\/kolibri.webp', description: ['90\u00b0-os hajl\u00e1ssz\u00f6g\u00f6n is \u00e1tmegy', '\u00d6n\u00e9lez\u0151 l\u00e1nccal szerelt', 'Cser\u00e9lhet\u0151, nemesac\u00e9l f\u00fav\u00f3fejek', 'Karbantart\u00e1st nem ig\u00e9nyel'], variants: [{ id: '10.210', name: 'Kolibri Dn50', connection: 'B 5\/4\"', size: '50x180', weight: '0,6', channel_dia: '50-150', flow: '25-', pressure: 'min 100' }, { id: '10.211', name: 'Kolibri Dn75', connection: 'B 1\/2\", B 3\/4\"', size: '75x340', weight: '2,4', channel_dia: '75-250', flow: '50-', pressure: 'min 100' }] },\n        { id: 'mini', name: 'Mini', subtitle: 'Hajl\u00e9kony, sz\u0171k helyekre', image: 'https:\/\/zaszto.hu\/wp-content\/uploads\/2025\/08\/mini.webp', description: ['75\u00b0-90\u00b0-os hajl\u00e1ssz\u00f6g\u00f6n is \u00e1tmegy', '\u00d6n\u00e9lez\u0151 l\u00e1nccal rendelkezik', 'Cser\u00e9lhet\u0151 f\u00fav\u00f3k\u00e1k \u00e9s nemesac\u00e9l f\u00far\u00f3fej', 'Karbantart\u00e1smentes kialak\u00edt\u00e1s'], variants: [] },\n        { id: 'superplus150', name: 'Super Plus 150 [B\u00e9relhet\u0151]', subtitle: 'Nagy teherb\u00edr\u00e1s\u00fa tiszt\u00edt\u00e1s', image: 'https:\/\/zaszto.hu\/wp-content\/uploads\/2025\/08\/superplus-150.webp', description: ['Toj\u00e1sprofil\u00fa \u00e9s deform\u00e1l\u00f3dott cs\u00f6vekhez is ide\u00e1lis', 'Cser\u00e9lhet\u0151 f\u00far\u00f3fej \u00e9s f\u00fav\u00f3k\u00e1k', 'Magas kop\u00e1s\u00e1ll\u00f3s\u00e1g\u00fa, rozsdamentes ac\u00e9l', '\u00d6n\u00e9lez\u0151 l\u00e1nc a folyamatos hat\u00e9konys\u00e1g\u00e9rt'], variants: [{ id: '10.212', name: 'Super Plus 150', connection: 'B 1\"', size: '150x460', weight: '12', channel_dia: '150-400', flow: '120-', pressure: 'min 100' }] },\n        { id: 'superplus200', name: 'Super Plus 200', subtitle: 'Maxim\u00e1lis teljes\u00edtm\u00e9ny', image: 'https:\/\/zaszto.hu\/wp-content\/uploads\/2025\/08\/superplus-200.webp', description: ['Kieg\u00e9sz\u00edt\u0151kkel ak\u00e1r 2000 mm cs\u0151\u00e1tm\u00e9r\u0151ig b\u0151v\u00edthet\u0151', '3 db k\u00fcl\u00f6n\u00e1ll\u00f3, \u00f6n\u00e9lez\u0151 l\u00e1nccal szerelve', 'Optim\u00e1lis k\u00f6zepes \u00e9s nagy teljes\u00edtm\u00e9ny\u0171 szivatty\u00fakhoz', 'Egyenes forg\u00f3csatlakoz\u00f3val haszn\u00e1lhat\u00f3'], variants: [{ id: '10.213', name: 'Super Plus 200', connection: 'B 5\/4\"', size: '200x500', weight: '15', channel_dia: '200-500', flow: '220-', pressure: 'min 100' }] }\n    ];\n\n    const navContainer = showcaseContainer.querySelector('.product-nav');\n    const mobileNavContainer = showcaseContainer.querySelector('.product-nav-mobile');\n    const contentContainer = showcaseContainer.querySelector('.product-content-area');\n\n    function switchContent(targetId) {\n        showcaseContainer.querySelector('.content-panel.active').classList.remove('active');\n        showcaseContainer.querySelector(`#${targetId}`).classList.add('active');\n    }\n\n    let mobileSelectHTML = '<select class=\"mobile-nav-select\">';\n    products.forEach((product, index) => {\n        navContainer.innerHTML += `<div class=\"nav-item ${index === 0 ? 'active' : ''}\" data-target=\"${product.id}\"><h4>${product.name}<\/h4><p>${product.subtitle}<\/p><\/div>`;\n        mobileSelectHTML += `<option value=\"${product.id}\">${product.name}<\/option>`;\n\n        let tableHTML = '';\n        if (product.variants.length > 0) {\n            \/\/ A t\u00e1bl\u00e1zat kieg\u00e9sz\u00fcl egy \u00faj oszloppal az aj\u00e1nlatk\u00e9r\u00e9s linknek\n            tableHTML = `<div class=\"content-details\"><table><tbody>\n                ${product.variants.map(v => {\n                    let variantSubject = encodeURIComponent(\"Aj\u00e1nlatk\u00e9r\u00e9s: \" + v.name + \" (\" + v.id + \")\");\n                    return `\n                    <tr>\n                        <td data-label=\"Cikksz\u00e1m\">${v.id}<\/td>\n                        <td data-label=\"Megnevez\u00e9s\">${v.name}<\/td>\n                        <td data-label=\"Csatlakoz\u00e1s\">${v.connection}<\/td>\n                        <td data-label=\"M\u00e9ret (mm)\">${v.size}<\/td>\n                        <td data-label=\"S\u00faly (kg)\">${v.weight}<\/td>\n                        <td data-label=\"Csatorna \u00d8\">${v.channel_dia}<\/td>\n                        <td data-label=\"V\u00edzfoly\u00e1s\">${v.flow}<\/td>\n                        <td data-label=\"Nyom\u00e1s\">${v.pressure}<\/td>\n                        <td data-label=\"Aj\u00e1nlatk\u00e9r\u00e9s\"><a href=\"https:\/\/zaszto.hu\/?targy=${variantSubject}#kapcsolatfelvetel\" style=\"color: #0d6efd; font-weight: bold; text-decoration: none;\">Aj\u00e1nlat<\/a><\/td>\n                    <\/tr>`\n                }).join('')}\n                <\/tbody><\/table><\/div>`;\n        }\n        \n        \/\/ Ha van t\u00e1bl\u00e1zat, nem kell al\u00e1 a nagy k\u00f6z\u00f6s gomb. Ha nincs, betesz\u00fcnk egyet (pl. a \"Mini\" t\u00edpusn\u00e1l)\n        let buttonHTML = '';\n        if (product.variants.length === 0) {\n             let encodedSubject = encodeURIComponent(\"Aj\u00e1nlatk\u00e9r\u00e9s: \" + product.name);\n             buttonHTML = `<a href=\"https:\/\/zaszto.hu\/?targy=${encodedSubject}#kapcsolatfelvetel\" class=\"quote-button\">Aj\u00e1nlatk\u00e9r\u00e9s erre a t\u00edpusra<\/a>`;\n        }\n\n        contentContainer.innerHTML += `<div class=\"content-panel ${index === 0 ? 'active' : ''}\" id=\"${product.id}\"><div class=\"content-image-wrapper\"><img decoding=\"async\" src=\"${product.image}\" alt=\"${product.name}\"><\/div><div class=\"content-description\"><ul>${product.description.map(d => `<li>${d}<\/li>`).join('')}<\/ul><\/div>${tableHTML}${buttonHTML}<\/div>`;\n    });\n    mobileSelectHTML += '<\/select>';\n    mobileNavContainer.innerHTML = mobileSelectHTML;\n\n    const navItems = showcaseContainer.querySelectorAll('.nav-item');\n    navItems.forEach(item => {\n        item.addEventListener('click', () => {\n            showcaseContainer.querySelector('.nav-item.active').classList.remove('active');\n            item.classList.add('active');\n            const targetId = item.getAttribute('data-target');\n            switchContent(targetId);\n        });\n    });\n\n    const mobileSelect = showcaseContainer.querySelector('.mobile-nav-select');\n    mobileSelect.addEventListener('change', (e) => {\n        const targetId = e.target.value;\n        \/\/ Asztali f\u00fcleket is szinkroniz\u00e1ljuk a vizu\u00e1lis konzisztencia \u00e9rdek\u00e9ben (opcion\u00e1lis, de sz\u00e9p)\n        showcaseContainer.querySelector('.nav-item.active').classList.remove('active');\n        showcaseContainer.querySelector(`.nav-item[data-target=\"${targetId}\"]`).classList.add('active');\n        switchContent(targetId);\n    });\n})();\n<\/script>\t\t\t\t<\/div>\n\t\t\t\t<\/div>\n\t\t\t\t\t<\/div>\n\t\t\t\t<\/div>\n\t\t\t\t<\/div>\n\t\t","protected":false},"excerpt":{"rendered":"<p>L\u00e1ncos Gy\u00f6k\u00e9rv\u00e1g\u00f3 fejek L\u00e1ncos gy\u00f6k\u00e9rv\u00e1g\u00f3 fejek: Csatorn\u00e1ba gy\u00f6k\u00e9r ben\u00f6v\u00e9sek, illetve massz\u00edv, betonszer\u0171 lerak\u00f3d\u00e1sok elt\u00e1vol\u00edt\u00e1s\u00e1ra. Egyenes forg\u00f3 csatlakoz\u00f3 haszn\u00e1lata sz\u00fcks\u00e9ges.\u00a0<\/p>","protected":false},"author":1,"featured_media":0,"parent":0,"menu_order":0,"comment_status":"closed","ping_status":"closed","template":"elementor_header_footer","meta":{"_seopress_robots_primary_cat":"","_seopress_titles_title":"L\u00e1ncos gy\u00f6k\u00e9rv\u00e1g\u00f3 fejek - Zaszt\u00f3 KFT.","_seopress_titles_desc":"L\u00e1ncos gy\u00f6k\u00e9rv\u00e1g\u00f3 fejek: Csatorn\u00e1ba gy\u00f6k\u00e9r ben\u00f6v\u00e9sek, illetve massz\u00edv, betonszer\u0171 lerak\u00f3d\u00e1sok elt\u00e1vol\u00edt\u00e1s\u00e1ra.","_seopress_robots_index":"","_kad_post_transparent":"","_kad_post_title":"","_kad_post_layout":"","_kad_post_sidebar_id":"","_kad_post_content_style":"","_kad_post_vertical_padding":"","_kad_post_feature":"","_kad_post_feature_position":"","_kad_post_header":false,"_kad_post_footer":false,"_kad_post_classname":"","footnotes":""},"class_list":["post-1502","page","type-page","status-publish","hentry"],"_links":{"self":[{"href":"https:\/\/zaszto.hu\/english\/wp-json\/wp\/v2\/pages\/1502","targetHints":{"allow":["GET"]}}],"collection":[{"href":"https:\/\/zaszto.hu\/english\/wp-json\/wp\/v2\/pages"}],"about":[{"href":"https:\/\/zaszto.hu\/english\/wp-json\/wp\/v2\/types\/page"}],"author":[{"embeddable":true,"href":"https:\/\/zaszto.hu\/english\/wp-json\/wp\/v2\/users\/1"}],"replies":[{"embeddable":true,"href":"https:\/\/zaszto.hu\/english\/wp-json\/wp\/v2\/comments?post=1502"}],"version-history":[{"count":6,"href":"https:\/\/zaszto.hu\/english\/wp-json\/wp\/v2\/pages\/1502\/revisions"}],"predecessor-version":[{"id":5865,"href":"https:\/\/zaszto.hu\/english\/wp-json\/wp\/v2\/pages\/1502\/revisions\/5865"}],"wp:attachment":[{"href":"https:\/\/zaszto.hu\/english\/wp-json\/wp\/v2\/media?parent=1502"}],"curies":[{"name":"wp","href":"https:\/\/api.w.org\/{rel}","templated":true}]}}