{"id":1487,"date":"2024-12-09T09:52:31","date_gmt":"2024-12-09T09:52:31","guid":{"rendered":"https:\/\/zaszto.hu\/?page_id=1487"},"modified":"2026-02-26T20:10:32","modified_gmt":"2026-02-26T20:10:32","slug":"dugulaselharito-fejek","status":"publish","type":"page","link":"https:\/\/zaszto.hu\/english\/dugulaselharito-fejek\/","title":{"rendered":"Anti-clogging heads"},"content":{"rendered":"\t\t<div data-elementor-type=\"wp-page\" data-elementor-id=\"1487\" class=\"elementor elementor-1487\" data-elementor-post-type=\"page\">\n\t\t\t\t\t\t<section class=\"elementor-section elementor-top-section elementor-element elementor-element-2258608 elementor-section-height-min-height elementor-section-boxed elementor-section-height-default elementor-section-items-middle\" data-id=\"2258608\" data-element_type=\"section\" data-e-type=\"section\" data-settings=\"{&quot;background_background&quot;:&quot;slideshow&quot;,&quot;background_slideshow_gallery&quot;:[{&quot;id&quot;:4190,&quot;url&quot;:&quot;https:\\\/\\\/zaszto.hu\\\/wp-content\\\/uploads\\\/2025\\\/08\\\/dugulaselharitotuske.webp&quot;},{&quot;id&quot;:4184,&quot;url&quot;:&quot;https:\\\/\\\/zaszto.hu\\\/wp-content\\\/uploads\\\/2025\\\/08\\\/60astsuke.webp&quot;},{&quot;id&quot;:4181,&quot;url&quot;:&quot;https:\\\/\\\/zaszto.hu\\\/wp-content\\\/uploads\\\/2025\\\/08\\\/60_as_dugulaselharitofej.webp&quot;}],&quot;background_slideshow_loop&quot;:&quot;yes&quot;,&quot;background_slideshow_slide_duration&quot;:5000,&quot;background_slideshow_slide_transition&quot;:&quot;fade&quot;,&quot;background_slideshow_transition_duration&quot;:500}\">\n\t\t\t\t\t\t\t<div class=\"elementor-background-overlay\"><\/div>\n\t\t\t\t\t\t\t<div class=\"elementor-container elementor-column-gap-no\">\n\t\t\t\t\t<div class=\"elementor-column elementor-col-100 elementor-top-column elementor-element elementor-element-25f5486\" data-id=\"25f5486\" data-element_type=\"column\" data-e-type=\"column\">\n\t\t\t<div class=\"elementor-widget-wrap elementor-element-populated\">\n\t\t\t\t\t\t<section class=\"elementor-section elementor-inner-section elementor-element elementor-element-aeb2395 elementor-section-content-middle elementor-reverse-mobile elementor-section-boxed elementor-section-height-default elementor-section-height-default\" data-id=\"aeb2395\" data-element_type=\"section\" data-e-type=\"section\">\n\t\t\t\t\t\t<div class=\"elementor-container elementor-column-gap-default\">\n\t\t\t\t\t<div class=\"elementor-column elementor-col-100 elementor-inner-column elementor-element elementor-element-cb035a8\" data-id=\"cb035a8\" data-element_type=\"column\" data-e-type=\"column\">\n\t\t\t<div class=\"elementor-widget-wrap elementor-element-populated\">\n\t\t\t\t\t\t<div class=\"elementor-element elementor-element-60ae080 elementor-invisible elementor-widget elementor-widget-heading\" data-id=\"60ae080\" data-element_type=\"widget\" data-e-type=\"widget\" data-settings=\"{&quot;_animation&quot;:&quot;fadeInUp&quot;}\" data-widget_type=\"heading.default\">\n\t\t\t\t<div class=\"elementor-widget-container\">\n\t\t\t\t\t<h1 class=\"elementor-heading-title elementor-size-default\">Dugul\u00e1selh\u00e1r\u00edt\u00f3 fejek<\/h1>\t\t\t\t<\/div>\n\t\t\t\t<\/div>\n\t\t\t\t\t<\/div>\n\t\t<\/div>\n\t\t\t\t\t<\/div>\n\t\t<\/section>\n\t\t\t\t\t<\/div>\n\t\t<\/div>\n\t\t\t\t\t<\/div>\n\t\t<\/section>\n\t\t\t\t<section class=\"elementor-section elementor-top-section elementor-element elementor-element-af8bb4e elementor-section-boxed elementor-section-height-default elementor-section-height-default\" data-id=\"af8bb4e\" data-element_type=\"section\" data-e-type=\"section\" data-settings=\"{&quot;background_background&quot;:&quot;classic&quot;}\">\n\t\t\t\t\t\t<div class=\"elementor-container elementor-column-gap-no\">\n\t\t\t\t\t<div class=\"elementor-column elementor-col-100 elementor-top-column elementor-element elementor-element-ee9a28c\" data-id=\"ee9a28c\" data-element_type=\"column\" data-e-type=\"column\">\n\t\t\t<div class=\"elementor-widget-wrap elementor-element-populated\">\n\t\t\t\t\t\t<div class=\"elementor-element elementor-element-e7f3c3d elementor-invisible elementor-widget elementor-widget-heading\" data-id=\"e7f3c3d\" data-element_type=\"widget\" data-e-type=\"widget\" data-settings=\"{&quot;_animation&quot;:&quot;fadeInUp&quot;}\" data-widget_type=\"heading.default\">\n\t\t\t\t<div class=\"elementor-widget-container\">\n\t\t\t\t\t<h2 class=\"elementor-heading-title elementor-size-default\">Dugul\u00e1selh\u00e1r\u00edt\u00f3 fejek:<\/h2>\t\t\t\t<\/div>\n\t\t\t\t<\/div>\n\t\t\t\t<div class=\"elementor-element elementor-element-8f8202f elementor-widget elementor-widget-text-editor\" data-id=\"8f8202f\" data-element_type=\"widget\" data-e-type=\"widget\" data-widget_type=\"text-editor.default\">\n\t\t\t\t<div class=\"elementor-widget-container\">\n\t\t\t\t\t\t\t\t\t<ul><li>Dugul\u00e1selh\u00e1r\u00edt\u00e1sra aj\u00e1nlott. Kop\u00e1s\u00e1ll\u00f3 edzett ac\u00e9l kivitel, f\u00fart vagy cser\u00e9lhet\u0151 f\u00fav\u00f3k\u00e1kkal. Orrf\u00fav\u00f3k\u00e1val vagy an\u00e9lk\u00fcl! Aj\u00e1nlott \u00fczemi nyom\u00e1s: 80-300 bar<\/li><\/ul>\t\t\t\t\t\t\t\t<\/div>\n\t\t\t\t<\/div>\n\t\t\t\t\t<\/div>\n\t\t<\/div>\n\t\t\t\t\t<\/div>\n\t\t<\/section>\n\t\t<div class=\"elementor-element elementor-element-21c5926 e-flex e-con-boxed e-con e-parent\" data-id=\"21c5926\" data-element_type=\"container\" data-e-type=\"container\">\n\t\t\t\t\t<div class=\"e-con-inner\">\n\t\t\t\t<div class=\"elementor-element elementor-element-4c665b2 elementor-widget elementor-widget-html\" data-id=\"4c665b2\" data-element_type=\"widget\" data-e-type=\"widget\" data-widget_type=\"html.default\">\n\t\t\t\t<div class=\"elementor-widget-container\">\n\t\t\t\t\t<style>\n\/* Google Font import *\/\n@import url('https:\/\/fonts.googleapis.com\/css2?family=Inter:wght@400;500;600;700&display=swap');\n\n\/* F\u0151 kont\u00e9ner *\/\n.product-showcase {\n  font-family: 'Inter', sans-serif;\n  background-color: #ffffff;\n  border-radius: 24px;\n  padding: 32px;\n  box-shadow: 0 10px 40px -10px rgba(0, 0, 0, 0.08);\n  border: 1px solid #f0f0f0;\n  max-width: 1140px;\n  margin: 0 auto 40px auto;\n}\n\n\/* C\u00edmsor *\/\n.product-showcase-header .title { font-size: 28px; font-weight: 700; margin-bottom: 8px; color: #111827; }\n.product-showcase-header .description { font-size: 16px; color: #6b7280; margin-bottom: 32px; max-width: 90%; line-height: 1.6; }\n\n\/* F\u0151 elrendez\u00e9s *\/\n.product-showcase-main {\n  display: flex;\n  align-items: stretch;\n  gap: 40px;\n}\n\n\/* K\u00e9p kont\u00e9ner (bal oszlop) *\/\n.product-showcase-image-wrapper {\n  flex: 1 1 40%;\n  position: relative;\n  border-radius: 16px;\n  background-color: #f9fafb;\n  border: 1px solid #e5e7eb;\n  padding: 16px;\n  display: flex;\n  align-items: center;\n  justify-content: center;\n}\n.product-showcase-image-wrapper img {\n    width: 100%;\n    height: 100%;\n    object-fit: contain;\n    border-radius: 8px;\n    transition: opacity 0.3s ease;\n}\n\n\/* Interakt\u00edv panel (jobb oszlop) *\/\n.product-showcase-interactive {\n  flex: 1 1 60%;\n  display: flex;\n}\n.product-details-display {\n  background-color: #f9fafb; \n  border-radius: 16px; \n  padding: 24px; \n  border: 1px solid #e5e7eb;\n  width: 100%;\n  display: flex;\n  flex-direction: column;\n}\n.product-showcase-interactive h3 {\n  font-size: 18px; font-weight: 600; color: #374151;\n  margin-top: 0; margin-bottom: 12px;\n}\n.product-select {\n  width: 100%; padding: 16px; font-size: 16px; border-radius: 12px; border: 1px solid #e5e7eb;\n  background-color: #ffffff; margin-bottom: 24px; font-weight: 500; -webkit-appearance: none;\n  appearance: none; background-image: url('data:image\/svg+xml;charset=UTF-8,<svg xmlns=\"http:\/\/www.w3.org\/2000\/svg\" viewBox=\"0 0 24 24\" fill=\"none\" stroke=\"%23374151\" stroke-width=\"2\" stroke-linecap=\"round\" stroke-linejoin=\"round\"><polyline points=\"6 9 12 15 18 9\"><\/polyline><\/svg>');\n  background-repeat: no-repeat; background-position: right 16px center; background-size: 20px;\n}\n.details-table-wrapper { flex-grow: 1; overflow-x: auto; }\n.details-table-wrapper table {\n  width: 100%;\n  border-collapse: collapse;\n  font-size: 14px;\n}\n.details-table-wrapper th, .details-table-wrapper td {\n  padding: 12px 10px;\n  border-bottom: 1px solid #e5e7eb;\n  text-align: left;\n  white-space: nowrap;\n}\n.details-table-wrapper th {\n  background-color: #f3f4f6;\n  font-weight: 600;\n  color: #374151;\n  font-size: 12px;\n}\n.details-table-wrapper td { color: #6b7280; font-weight: 500; }\n.details-table-wrapper tr:last-child td { border-bottom: none; }\n\n\n.quote-button {\n  background: #0d6efd; color: white; border: none; border-radius: 8px; padding: 12px 24px;\n  font-size: 15px; font-weight: 600; cursor: pointer; transition: all 0.2s ease; margin-top: 24px; width: 100%;\n  display: block;\n  text-align: center;\n  text-decoration: none;\n  box-sizing: border-box;\n}\n.quote-button:hover {\n  background: #0052cc;\n  transform: translateY(-2px);\n  color: white;\n}\n\n\/* MOBIL N\u00c9ZET (< 768px) *\/\n@media (max-width: 768px) {\n  .product-showcase-main { flex-direction: column; }\n  .product-showcase-image-wrapper { width: 100%; min-height: 300px; }\n  .product-showcase-interactive { width: 100%; }\n  .product-showcase-header .title { font-size: 24px; }\n  .product-showcase { padding: 20px; }\n}\n<\/style>\n\n<div id=\"product-showcase-dugulaselharito\" class=\"product-showcase\">\n  <div class=\"product-showcase-header\">\n    <h2 class=\"title\"><\/h2>\n    \n  <\/div>\n  \n  <div class=\"product-showcase-main\">\n    <div class=\"product-showcase-image-wrapper\">\n      <img decoding=\"async\" src=\"\" alt=\"Dugul\u00e1selh\u00e1r\u00edt\u00f3 fej\">\n    <\/div>\n\n    <div class=\"product-showcase-interactive\">\n      <div class=\"product-details-display\">\n        <h3>V\u00e1lasszon term\u00e9kcsal\u00e1dot:<\/h3>\n        <select class=\"product-select\"><\/select>\n        <div class=\"details-table-wrapper\">\n        <\/div>\n        \n      <\/div>\n    <\/div>\n  <\/div>\n<\/div>\n\n<script>\n(function() {\n    const showcaseContainer = document.querySelector('#product-showcase-dugulaselharito');\n    if (!showcaseContainer) { return; }\n\n    \/\/ JAV\u00cdT\u00c1S: Az adatokat term\u00e9kcsal\u00e1dokba szervezt\u00fck\n    const productFamilies = [\n        { \n            familyId: 'dugulaselharito',\n            name: 'Dugul\u00e1selh\u00e1r\u00edt\u00f3 fej',\n            image: 'https:\/\/zaszto.hu\/wp-content\/uploads\/2025\/08\/60_as_dugulaselharitofej.webp',\n            variants: [\n                { id: '10.110', name: '60-as', connection: 'B 5\/4\"', nozzles: '(6 v. 8) + 1', angle: '40', size: '60 x 90', weight: '0.8', channel_dia: '100 - 300', flow: '80 - 420' }\n            ]\n        },\n        { \n            familyId: 'tojas',\n            name: 'Toj\u00e1s fej',\n            image: 'https:\/\/zaszto.hu\/wp-content\/uploads\/2025\/08\/60astojasfej.webp',\n            variants: [\n                { id: '10.112', name: '60-as', connection: 'B 1\"', nozzles: '(6 v. 8) + 1', angle: '30', size: '60 x 90', weight: '0.8', channel_dia: '100 - 350', flow: '80 - 420' }\n            ]\n        },\n        { \n            familyId: 'sprint',\n            name: 'SPRINT fejek',\n            image: 'https:\/\/zaszto.hu\/wp-content\/uploads\/2025\/08\/70essprintfej.webp',\n            variants: [\n                { id: '10.113', name: '60-as', connection: 'B 1\"', nozzles: '8 + 1', angle: '25', size: '60 x 110', weight: '1.3', channel_dia: '100 - 350', flow: '80 - 420' },\n                { id: '10.114', name: '70-es', connection: 'B 1\"', nozzles: '8 + 1', angle: '20', size: '70 x 120', weight: '2.1', channel_dia: '100 - 400', flow: '80 - 420' }\n            ]\n        },\n        { \n            familyId: 'tuske',\n            name: 'Dugul\u00e1selh\u00e1r\u00edt\u00f3 t\u00fcske',\n            image: 'https:\/\/zaszto.hu\/wp-content\/uploads\/2025\/08\/60astsuke.webp',\n            variants: [\n                { id: '10.115', name: '60-as', connection: 'B 1\"', nozzles: '8 + 4', angle: '40 \u00e9s 80', size: '60 x 120', weight: '0.9', channel_dia: '100 - 400', flow: '80 - 420' }\n            ]\n        }\n    ];\n    \n    const dropdown = showcaseContainer.querySelector('.product-select');\n    const imageElement = showcaseContainer.querySelector('.product-showcase-image-wrapper img');\n    const tableWrapper = showcaseContainer.querySelector('.details-table-wrapper');\n\n    \/\/ K\u00f6z\u00f6s f\u00fcggv\u00e9ny a n\u00e9zet friss\u00edt\u00e9s\u00e9hez\n    function updateDisplay(family) {\n        if (!family) {\n            imageElement.src = '';\n            tableWrapper.innerHTML = '<p class=\"placeholder-text\">V\u00e1lasszon a list\u00e1b\u00f3l a r\u00e9szletek\u00e9rt.<\/p>';\n            return;\n        }\n\n        \/\/ K\u00e9p cser\u00e9je\n        imageElement.style.opacity = 0;\n        setTimeout(() => {\n            imageElement.src = family.image;\n            imageElement.alt = family.name;\n            imageElement.style.opacity = 1;\n        }, 300);\n\n        \/\/ T\u00e1bl\u00e1zat gener\u00e1l\u00e1sa a vari\u00e1nsokb\u00f3l, kieg\u00e9sz\u00edtve az Aj\u00e1nlatk\u00e9r\u00e9s oszloppal\n        let tableHTML = '<table><thead><tr><th>Cikksz\u00e1m<\/th><th>T\u00edpus<\/th><th>Csatl.<\/th><th>F\u00fav\u00f3k\u00e1k (db)<\/th><th>Sz\u00f6g (\u00b0)<\/th><th>M\u00e9ret (mm)<\/th><th>S\u00faly (kg)<\/th><th>Csatorna \u00d8<\/th><th>V\u00edz\u00e1tfoly\u00e1s<\/th><th>Aj\u00e1nlat<\/th><\/tr><\/thead><tbody>';\n        family.variants.forEach(variant => {\n            \/\/ \u00d6sszerakjuk az URL-bar\u00e1t param\u00e9tert: \"Csal\u00e1dn\u00e9v - T\u00edpus (Cikksz\u00e1m)\" form\u00e1tumban\n            let variantSubject = encodeURIComponent(\"Aj\u00e1nlatk\u00e9r\u00e9s: \" + family.name + \" - \" + variant.name + \" (\" + variant.id + \")\");\n\n            tableHTML += `\n                <tr>\n                    <td>${variant.id}<\/td>\n                    <td>${variant.name}<\/td>\n                    <td>${variant.connection}<\/td>\n                    <td>${variant.nozzles}<\/td>\n                    <td>${variant.angle}<\/td>\n                    <td>${variant.size}<\/td>\n                    <td>${variant.weight}<\/td>\n                    <td>${variant.channel_dia}<\/td>\n                    <td>${variant.flow}<\/td>\n                    <td><a href=\"https:\/\/zaszto.hu\/?targy=${variantSubject}#kapcsolatfelvetel\" style=\"color: #0d6efd; font-weight: bold; text-decoration: none;\">Aj\u00e1nlatk\u00e9r\u00e9s<\/a><\/td>\n                <\/tr>\n            `;\n        });\n        tableHTML += '<\/tbody><\/table>';\n        tableWrapper.innerHTML = tableHTML;\n    }\n\n    \/\/ Leg\u00f6rd\u00fcl\u0151 men\u00fc felt\u00f6lt\u00e9se a csal\u00e1dokkal\n    let dropdownHTML = '';\n    productFamilies.forEach(family => {\n        dropdownHTML += `<option value=\"${family.familyId}\">${family.name}<\/option>`;\n    });\n    dropdown.innerHTML = dropdownHTML;\n\n    \/\/ Esem\u00e9nyfigyel\u0151\n    dropdown.addEventListener('change', function() {\n        const selectedFamilyId = this.value;\n        const selectedFamily = productFamilies.find(f => f.familyId === selectedFamilyId);\n        updateDisplay(selectedFamily);\n    });\n\n    \/\/ JAV\u00cdT\u00c1S: Kezd\u0151 n\u00e9zet be\u00e1ll\u00edt\u00e1sa az els\u0151 term\u00e9kcsal\u00e1ddal\n    function initialize() {\n        if (productFamilies.length > 0) {\n            dropdown.value = productFamilies[0].familyId;\n            updateDisplay(productFamilies[0]);\n        }\n    }\n\n    initialize();\n\n})();\n<\/script>\t\t\t\t<\/div>\n\t\t\t\t<\/div>\n\t\t\t\t\t<\/div>\n\t\t\t\t<\/div>\n\t\t\t\t<\/div>\n\t\t","protected":false},"excerpt":{"rendered":"<p>Dugul\u00e1selh\u00e1r\u00edt\u00f3 fejek Dugul\u00e1selh\u00e1r\u00edt\u00f3 fejek: Dugul\u00e1selh\u00e1r\u00edt\u00e1sra aj\u00e1nlott. Kop\u00e1s\u00e1ll\u00f3 edzett ac\u00e9l kivitel, f\u00fart vagy cser\u00e9lhet\u0151 f\u00fav\u00f3k\u00e1kkal. Orrf\u00fav\u00f3k\u00e1val vagy an\u00e9lk\u00fcl! Aj\u00e1nlott \u00fczemi nyom\u00e1s: 80-300 bar V\u00e1lasszon term\u00e9kcsal\u00e1dot:<\/p>","protected":false},"author":1,"featured_media":0,"parent":0,"menu_order":0,"comment_status":"closed","ping_status":"closed","template":"elementor_header_footer","meta":{"_seopress_robots_primary_cat":"","_seopress_titles_title":"Dugul\u00e1selh\u00e1r\u00edt\u00f3 fejek - Zaszt\u00f3 KFT","_seopress_titles_desc":"Dugul\u00e1selh\u00e1r\u00edt\u00f3 fejek: Dugul\u00e1selh\u00e1r\u00edt\u00e1sra aj\u00e1nlott. Kop\u00e1s\u00e1ll\u00f3 edzett ac\u00e9l kivitel, f\u00fart vagy cser\u00e9lhet\u0151 f\u00fav\u00f3k\u00e1kkal.","_seopress_robots_index":"","_kad_post_transparent":"","_kad_post_title":"","_kad_post_layout":"","_kad_post_sidebar_id":"","_kad_post_content_style":"","_kad_post_vertical_padding":"","_kad_post_feature":"","_kad_post_feature_position":"","_kad_post_header":false,"_kad_post_footer":false,"_kad_post_classname":"","footnotes":""},"class_list":["post-1487","page","type-page","status-publish","hentry"],"_links":{"self":[{"href":"https:\/\/zaszto.hu\/english\/wp-json\/wp\/v2\/pages\/1487","targetHints":{"allow":["GET"]}}],"collection":[{"href":"https:\/\/zaszto.hu\/english\/wp-json\/wp\/v2\/pages"}],"about":[{"href":"https:\/\/zaszto.hu\/english\/wp-json\/wp\/v2\/types\/page"}],"author":[{"embeddable":true,"href":"https:\/\/zaszto.hu\/english\/wp-json\/wp\/v2\/users\/1"}],"replies":[{"embeddable":true,"href":"https:\/\/zaszto.hu\/english\/wp-json\/wp\/v2\/comments?post=1487"}],"version-history":[{"count":3,"href":"https:\/\/zaszto.hu\/english\/wp-json\/wp\/v2\/pages\/1487\/revisions"}],"predecessor-version":[{"id":5881,"href":"https:\/\/zaszto.hu\/english\/wp-json\/wp\/v2\/pages\/1487\/revisions\/5881"}],"wp:attachment":[{"href":"https:\/\/zaszto.hu\/english\/wp-json\/wp\/v2\/media?parent=1487"}],"curies":[{"name":"wp","href":"https:\/\/api.w.org\/{rel}","templated":true}]}}