{"id":1477,"date":"2024-12-09T09:49:09","date_gmt":"2024-12-09T09:49:09","guid":{"rendered":"https:\/\/zaszto.hu\/?page_id=1477"},"modified":"2026-02-26T20:20:30","modified_gmt":"2026-02-26T20:20:30","slug":"haromszog-fejek","status":"publish","type":"page","link":"https:\/\/zaszto.hu\/english\/haromszog-fejek\/","title":{"rendered":"Triangle heads"},"content":{"rendered":"\t\t<div data-elementor-type=\"wp-page\" data-elementor-id=\"1477\" class=\"elementor elementor-1477\" data-elementor-post-type=\"page\">\n\t\t\t\t\t\t<section class=\"elementor-section elementor-top-section elementor-element elementor-element-32d4d02 elementor-section-height-min-height elementor-section-boxed elementor-section-height-default elementor-section-items-middle\" data-id=\"32d4d02\" data-element_type=\"section\" data-e-type=\"section\" data-settings=\"{&quot;background_background&quot;:&quot;slideshow&quot;,&quot;background_slideshow_gallery&quot;:[{&quot;id&quot;:4082,&quot;url&quot;:&quot;https:\\\/\\\/zaszto.hu\\\/wp-content\\\/uploads\\\/2025\\\/08\\\/60ss.webp&quot;},{&quot;id&quot;:4081,&quot;url&quot;:&quot;https:\\\/\\\/zaszto.hu\\\/wp-content\\\/uploads\\\/2025\\\/08\\\/60s.webp&quot;},{&quot;id&quot;:4080,&quot;url&quot;:&quot;https:\\\/\\\/zaszto.hu\\\/wp-content\\\/uploads\\\/2025\\\/08\\\/50es.webp&quot;},{&quot;id&quot;:4072,&quot;url&quot;:&quot;https:\\\/\\\/zaszto.hu\\\/wp-content\\\/uploads\\\/2025\\\/08\\\/30-as-as-as.webp&quot;},{&quot;id&quot;:4043,&quot;url&quot;:&quot;https:\\\/\\\/zaszto.hu\\\/wp-content\\\/uploads\\\/2025\\\/08\\\/F-50-es.webp&quot;},{&quot;id&quot;:4042,&quot;url&quot;:&quot;https:\\\/\\\/zaszto.hu\\\/wp-content\\\/uploads\\\/2025\\\/08\\\/F-30-as.webp&quot;}],&quot;background_slideshow_loop&quot;:&quot;yes&quot;,&quot;background_slideshow_slide_duration&quot;:5000,&quot;background_slideshow_slide_transition&quot;:&quot;fade&quot;,&quot;background_slideshow_transition_duration&quot;:500}\">\n\t\t\t\t\t\t\t<div class=\"elementor-background-overlay\"><\/div>\n\t\t\t\t\t\t\t<div class=\"elementor-container elementor-column-gap-no\">\n\t\t\t\t\t<div class=\"elementor-column elementor-col-100 elementor-top-column elementor-element elementor-element-f0571ba\" data-id=\"f0571ba\" data-element_type=\"column\" data-e-type=\"column\">\n\t\t\t<div class=\"elementor-widget-wrap elementor-element-populated\">\n\t\t\t\t\t\t<section class=\"elementor-section elementor-inner-section elementor-element elementor-element-102387a elementor-section-content-middle elementor-reverse-mobile elementor-section-boxed elementor-section-height-default elementor-section-height-default\" data-id=\"102387a\" data-element_type=\"section\" data-e-type=\"section\">\n\t\t\t\t\t\t<div class=\"elementor-container elementor-column-gap-default\">\n\t\t\t\t\t<div class=\"elementor-column elementor-col-100 elementor-inner-column elementor-element elementor-element-b1acc2a\" data-id=\"b1acc2a\" data-element_type=\"column\" data-e-type=\"column\">\n\t\t\t<div class=\"elementor-widget-wrap elementor-element-populated\">\n\t\t\t\t\t\t<div class=\"elementor-element elementor-element-3bfb353 elementor-invisible elementor-widget elementor-widget-heading\" data-id=\"3bfb353\" data-element_type=\"widget\" data-e-type=\"widget\" data-settings=\"{&quot;_animation&quot;:&quot;fadeInUp&quot;}\" data-widget_type=\"heading.default\">\n\t\t\t\t<div class=\"elementor-widget-container\">\n\t\t\t\t\t<h1 class=\"elementor-heading-title elementor-size-default\">H\u00e1romsz\u00f6g fejek<\/h1>\t\t\t\t<\/div>\n\t\t\t\t<\/div>\n\t\t\t\t\t<\/div>\n\t\t<\/div>\n\t\t\t\t\t<\/div>\n\t\t<\/section>\n\t\t\t\t\t<\/div>\n\t\t<\/div>\n\t\t\t\t\t<\/div>\n\t\t<\/section>\n\t\t\t\t<section class=\"elementor-section elementor-top-section elementor-element elementor-element-af8bb4e elementor-section-boxed elementor-section-height-default elementor-section-height-default\" data-id=\"af8bb4e\" data-element_type=\"section\" data-e-type=\"section\" data-settings=\"{&quot;background_background&quot;:&quot;classic&quot;}\">\n\t\t\t\t\t\t<div class=\"elementor-container elementor-column-gap-no\">\n\t\t\t\t\t<div class=\"elementor-column elementor-col-100 elementor-top-column elementor-element elementor-element-ee9a28c\" data-id=\"ee9a28c\" data-element_type=\"column\" data-e-type=\"column\">\n\t\t\t<div class=\"elementor-widget-wrap elementor-element-populated\">\n\t\t\t\t\t\t<div class=\"elementor-element elementor-element-e7f3c3d elementor-invisible elementor-widget elementor-widget-heading\" data-id=\"e7f3c3d\" data-element_type=\"widget\" data-e-type=\"widget\" data-settings=\"{&quot;_animation&quot;:&quot;fadeInUp&quot;}\" data-widget_type=\"heading.default\">\n\t\t\t\t<div class=\"elementor-widget-container\">\n\t\t\t\t\t<h2 class=\"elementor-heading-title elementor-size-default\">H\u00e1romsz\u00f6g fejek:<\/h2>\t\t\t\t<\/div>\n\t\t\t\t<\/div>\n\t\t\t\t<div class=\"elementor-element elementor-element-8f8202f elementor-widget elementor-widget-text-editor\" data-id=\"8f8202f\" data-element_type=\"widget\" data-e-type=\"widget\" data-widget_type=\"text-editor.default\">\n\t\t\t\t<div class=\"elementor-widget-container\">\n\t\t\t\t\t\t\t\t\t<ul><li>Dugul\u00e1selh\u00e1r\u00edt\u00e1sra aj\u00e1nlott. F\u00fart vagy cser\u00e9lhet\u0151 f\u00fav\u00f3k\u00e1kkal. Rendk\u00edv\u0171l er\u0151s szennyez\u0151d\u00e9sekre, zs\u00edros lerak\u00f3d\u00e1sokra.<\/li><li>N\u00e9gy db bont\u00f3 f\u00fav\u00f3ka az er\u0151teljes dugul\u00e1sfelszabad\u00edt\u00f3 hat\u00e1s \u00e9rdek\u00e9ben. Aj\u00e1nlott \u00fczemi nyom\u00e1s: 80-300 bar.<\/li><\/ul>\t\t\t\t\t\t\t\t<\/div>\n\t\t\t\t<\/div>\n\t\t\t\t\t<\/div>\n\t\t<\/div>\n\t\t\t\t\t<\/div>\n\t\t<\/section>\n\t\t<div class=\"elementor-element elementor-element-ef8b4c8 e-flex e-con-boxed e-con e-parent\" data-id=\"ef8b4c8\" data-element_type=\"container\" data-e-type=\"container\">\n\t\t\t\t\t<div class=\"e-con-inner\">\n\t\t\t\t<div class=\"elementor-element elementor-element-8e3131f elementor-widget elementor-widget-html\" data-id=\"8e3131f\" data-element_type=\"widget\" data-e-type=\"widget\" data-widget_type=\"html.default\">\n\t\t\t\t<div class=\"elementor-widget-container\">\n\t\t\t\t\t<style>\n\/* Google Font import *\/\n@import url('https:\/\/fonts.googleapis.com\/css2?family=Inter:wght@400;500;600;700&display=swap');\n\n\/* F\u0151 kont\u00e9ner *\/\n.multi-product-showcase {\n  font-family: 'Inter', sans-serif;\n  background-color: #ffffff;\n  border-radius: 24px;\n  padding: 32px;\n  margin-bottom: 40px;\n  box-shadow: 0 10px 40px -10px rgba(0, 0, 0, 0.08);\n  border: 1px solid #f0f0f0;\n}\n\n\/* C\u00edmsor *\/\n.multi-product-showcase .showcase-title { \n  font-size: 32px; \n  font-weight: 700; \n  margin-top: 0;\n  margin-bottom: 32px; \n  color: #111827;\n  text-align: center;\n}\n\n\/* H\u00e1rom oszlopos r\u00e1cs *\/\n.product-grid {\n  display: flex;\n  justify-content: center;\n  gap: 30px;\n}\n\n\/* Egy-egy term\u00e9k k\u00e1rty\u00e1ja a r\u00e1csban *\/\n.product-cell {\n  flex: 1;\n  max-width: 350px;\n  text-align: center;\n}\n.product-cell .product-name {\n  font-size: 20px;\n  font-weight: 600;\n  color: #374151;\n  margin-top: 16px;\n  margin-bottom: 0;\n}\n\n\/* K\u00f6zponti Aj\u00e1nlatk\u00e9r\u00e9s gomb kont\u00e9nere *\/\n.cta-container {\n  text-align: center;\n  margin-top: 40px;\n}\n.quote-button-main {\n  background: #0d6efd; color: white; border: none; border-radius: 8px; padding: 14px 32px;\n  font-size: 16px; font-weight: 600; cursor: pointer; transition: all 0.2s ease;\n}\n.quote-button-main:hover { background: #0052cc; transform: translateY(-2px); }\n\n\/* --- K\u00c9PV\u00c1LT\u00d3 (K\u00d6RHINTA) ST\u00cdLUSOK --- *\/\n.product-carousel-wrapper {\n  position: relative;\n  border-radius: 16px;\n  overflow: hidden;\n  box-shadow: 0 4px 20px -5px rgba(0, 0, 0, 0.1);\n  aspect-ratio: 1 \/ 1;\n  background-color: #f9fafb; \/* H\u00e1tt\u00e9rsz\u00edn az esetleges \u00fcres s\u00e1voknak *\/\n}\n.carousel-track { display: flex; height: 100%; transition: transform 0.6s ease-in-out; }\n.carousel-slide { flex: 0 0 100%; height: 100%; }\n.carousel-slide img { \n    width: 100%; \n    height: 100%; \n    \/* JAV\u00cdT\u00c1S: A k\u00e9p teljes eg\u00e9sz\u00e9ben l\u00e1tszani fog, nem lesz lev\u00e1gva *\/\n    object-fit: contain; \n}\n.carousel-dots {\n  position: absolute; bottom: 12px; left: 50%;\n  transform: translateX(-50%); display: flex; gap: 10px;\n}\n.carousel-dot {\n  width: 10px; height: 10px; border-radius: 50%; background-color: #cccccc; \n  border: none; cursor: pointer; transition: all 0.3s ease; padding: 0;\n}\n.carousel-dot:hover { background-color: #aeaeae; }\n.carousel-dot.active { background-color: #0d6efd; }\n\n\/* MOBIL N\u00c9ZET (768px alatt) *\/\n@media (max-width: 991px) {\n    .product-grid {\n        flex-direction: column;\n        align-items: center;\n    }\n}\n@media (max-width: 768px) {\n  .multi-product-showcase { padding: 20px; }\n  .multi-product-showcase .showcase-title { font-size: 28px; }\n}\n<\/style>\n\n<div id=\"multi-product-haromszog\" class=\"multi-product-showcase\">\n  <h2 class=\"showcase-title\"><\/h2>\n  \n  <div class=\"product-grid\">\n    \n    <div class=\"product-cell\">\n      <div class=\"product-carousel-wrapper\">\n        <div class=\"carousel-track\">\n          <div class=\"carousel-slide\"><img decoding=\"async\" src=\"https:\/\/zaszto.hu\/wp-content\/uploads\/2025\/08\/F-30-as.webp\" alt=\"30-as fej 1\"><\/div>\n          <div class=\"carousel-slide\"><img decoding=\"async\" src=\"https:\/\/zaszto.hu\/wp-content\/uploads\/2025\/08\/3030.webp\" alt=\"30-as fej 2\"><\/div>\n          <div class=\"carousel-slide\"><img decoding=\"async\" src=\"https:\/\/zaszto.hu\/wp-content\/uploads\/2025\/08\/30-as-as-as.webp\" alt=\"30-as fej 3\"><\/div>\n        <\/div>\n        <div class=\"carousel-dots\"><\/div>\n      <\/div>\n      <h3 class=\"product-name\">30-as fej<\/h3>\n    <\/div>\n\n    <div class=\"product-cell\">\n      <div class=\"product-carousel-wrapper\">\n        <div class=\"carousel-track\">\n          <div class=\"carousel-slide\"><img decoding=\"async\" src=\"https:\/\/zaszto.hu\/wp-content\/uploads\/2025\/08\/F-50-es.webp\" alt=\"50-es fej 1\"><\/div>\n          <div class=\"carousel-slide\"><img decoding=\"async\" src=\"https:\/\/zaszto.hu\/wp-content\/uploads\/2025\/08\/50es.webp\" alt=\"50-es fej 2\"><\/div>\n        <\/div>\n        <div class=\"carousel-dots\"><\/div>\n      <\/div>\n      <h3 class=\"product-name\">50-es fej<\/h3>\n    <\/div>\n\n    <div class=\"product-cell\">\n      <div class=\"product-carousel-wrapper\">\n        <div class=\"carousel-track\">\n          <div class=\"carousel-slide\"><img decoding=\"async\" src=\"https:\/\/zaszto.hu\/wp-content\/uploads\/2025\/08\/F-60-as.webp\" alt=\"60-as fej 1\"><\/div>\n          <div class=\"carousel-slide\"><img decoding=\"async\" src=\"https:\/\/zaszto.hu\/wp-content\/uploads\/2025\/08\/60ss.webp\" alt=\"60-as fej 2\"><\/div>\n          <div class=\"carousel-slide\"><img decoding=\"async\" src=\"https:\/\/zaszto.hu\/wp-content\/uploads\/2025\/08\/60s.webp\" alt=\"60-as fej 3\"><\/div>\n        <\/div>\n        <div class=\"carousel-dots\"><\/div>\n      <\/div>\n      <h3 class=\"product-name\">60-as fej<\/h3>\n    <\/div>\n\n  <\/div>\n\n  <div class=\"cta-container\">\n    <a href=\"https:\/\/zaszto.hu\/?targy=Aj%C3%A1nlatk%C3%A9r%C3%A9s%3A%20H%C3%A1romsz%C3%B6g%20fejek#kapcsolatfelvetel\">\n        <button class=\"quote-button-main\">Aj\u00e1nlatk\u00e9r\u00e9s a H\u00e1romsz\u00f6g fejekre<\/button>\n    <\/a>\n<\/div>\n<\/div>\n\n<script>\n(function() {\n    const allCarousels = document.querySelectorAll('#multi-product-haromszog .product-carousel-wrapper');\n\n    allCarousels.forEach((carouselWrapper, carouselIndex) => {\n        const track = carouselWrapper.querySelector('.carousel-track');\n        if (!track) return;\n        \n        const slides = Array.from(track.children);\n        const dotsNav = carouselWrapper.querySelector('.carousel-dots');\n        \n        let currentIndex = 0;\n        let autoPlayInterval;\n\n        if (slides.length <= 1) {\n            if (dotsNav) dotsNav.style.display = 'none';\n            return;\n        }\n\n        slides.forEach((slide, index) => {\n            const dot = document.createElement('button');\n            dot.classList.add('carousel-dot');\n            if (index === 0) dot.classList.add('active');\n            dotsNav.appendChild(dot);\n            dot.addEventListener('click', () => {\n                 moveToSlide(index);\n                 resetAutoPlay();\n            });\n        });\n        const dots = Array.from(dotsNav.children);\n\n        const moveToSlide = (targetIndex) => {\n            if (!track || !dots[currentIndex] || !dots[targetIndex]) return;\n            track.style.transform = 'translateX(-' + 100 * targetIndex + '%)';\n            dots[currentIndex].classList.remove('active');\n            dots[targetIndex].classList.add('active');\n            currentIndex = targetIndex;\n        };\n\n        const resetAutoPlay = () => {\n            clearInterval(autoPlayInterval);\n            const intervalTime = 4000; \n            autoPlayInterval = setInterval(() => {\n                const nextIndex = (currentIndex + 1) % slides.length;\n                moveToSlide(nextIndex);\n            }, intervalTime);\n        };\n        \n        carouselWrapper.addEventListener('mouseenter', () => clearInterval(autoPlayInterval));\n        carouselWrapper.addEventListener('mouseleave', resetAutoPlay);\n\n        resetAutoPlay();\n    });\n})();\n<\/script>\t\t\t\t<\/div>\n\t\t\t\t<\/div>\n\t\t\t\t\t<\/div>\n\t\t\t\t<\/div>\n\t\t\t\t<\/div>\n\t\t","protected":false},"excerpt":{"rendered":"<p>H\u00e1romsz\u00f6g fejek H\u00e1romsz\u00f6g fejek: Dugul\u00e1selh\u00e1r\u00edt\u00e1sra aj\u00e1nlott. F\u00fart vagy cser\u00e9lhet\u0151 f\u00fav\u00f3k\u00e1kkal. Rendk\u00edv\u0171l er\u0151s szennyez\u0151d\u00e9sekre, zs\u00edros lerak\u00f3d\u00e1sokra. N\u00e9gy db bont\u00f3 f\u00fav\u00f3ka az er\u0151teljes dugul\u00e1sfelszabad\u00edt\u00f3 hat\u00e1s \u00e9rdek\u00e9ben. Aj\u00e1nlott \u00fczemi nyom\u00e1s: 80-300 bar. 30-as fej 50-es fej 60-as fej Aj\u00e1nlatk\u00e9r\u00e9s a H\u00e1romsz\u00f6g fejekre<\/p>","protected":false},"author":1,"featured_media":0,"parent":0,"menu_order":0,"comment_status":"closed","ping_status":"closed","template":"elementor_header_footer","meta":{"_seopress_robots_primary_cat":"","_seopress_titles_title":"H\u00e1romsz\u00f6g fejek - Zaszt\u00f3 KFT","_seopress_titles_desc":"H\u00e1romsz\u00f6g fejek: Dugul\u00e1selh\u00e1r\u00edt\u00e1sra aj\u00e1nlott. F\u00fart vagy cser\u00e9lhet\u0151 f\u00fav\u00f3k\u00e1kkal. Rendk\u00edv\u0171l er\u0151s szennyez\u0151d\u00e9sekre, zs\u00edros lerak\u00f3d\u00e1sokra.","_seopress_robots_index":"","_kad_post_transparent":"","_kad_post_title":"","_kad_post_layout":"","_kad_post_sidebar_id":"","_kad_post_content_style":"","_kad_post_vertical_padding":"","_kad_post_feature":"","_kad_post_feature_position":"","_kad_post_header":false,"_kad_post_footer":false,"_kad_post_classname":"","footnotes":""},"class_list":["post-1477","page","type-page","status-publish","hentry"],"_links":{"self":[{"href":"https:\/\/zaszto.hu\/english\/wp-json\/wp\/v2\/pages\/1477","targetHints":{"allow":["GET"]}}],"collection":[{"href":"https:\/\/zaszto.hu\/english\/wp-json\/wp\/v2\/pages"}],"about":[{"href":"https:\/\/zaszto.hu\/english\/wp-json\/wp\/v2\/types\/page"}],"author":[{"embeddable":true,"href":"https:\/\/zaszto.hu\/english\/wp-json\/wp\/v2\/users\/1"}],"replies":[{"embeddable":true,"href":"https:\/\/zaszto.hu\/english\/wp-json\/wp\/v2\/comments?post=1477"}],"version-history":[{"count":6,"href":"https:\/\/zaszto.hu\/english\/wp-json\/wp\/v2\/pages\/1477\/revisions"}],"predecessor-version":[{"id":5897,"href":"https:\/\/zaszto.hu\/english\/wp-json\/wp\/v2\/pages\/1477\/revisions\/5897"}],"wp:attachment":[{"href":"https:\/\/zaszto.hu\/english\/wp-json\/wp\/v2\/media?parent=1477"}],"curies":[{"name":"wp","href":"https:\/\/api.w.org\/{rel}","templated":true}]}}